{"id":2,"date":"2024-03-09T09:40:58","date_gmt":"2024-03-09T09:40:58","guid":{"rendered":"https:\/\/www.wagonermusic.com\/?page_id=2"},"modified":"2024-11-09T13:26:27","modified_gmt":"2024-11-09T13:26:27","slug":"sample-page","status":"publish","type":"page","link":"https:\/\/www.wagonermusic.com\/","title":{"rendered":"Pourquoi devriez-vous faire appel \u00e0 notre agence de Content Marketing ?"},"content":{"rendered":"\n<h3 class=\"wp-block-heading\">Concentrez-vous sur votre c\u0153ur de m\u00e9tier<\/h3>\n\n\n\n<p>La gestion d\u2019une entreprise est un travail \u00e0 temps plein, tout comme la cr\u00e9ation&nbsp;de contenu \u00e0 volume \u00e9lev\u00e9 et de haute qualit\u00e9&nbsp;sur une base coh\u00e9rente.&nbsp;Lorsque vous essayez de faire les deux, malheureusement, les deux souffrent souvent.<\/p>\n\n\n\n<p>Aucune quantit\u00e9 de marketing de contenu dans le monde ne peut assurer le succ\u00e8s de votre entreprise si vous ne pouvez pas rester concentr\u00e9 sur la fourniture d\u2019un excellent produit.&nbsp;Lorsque vous embauchez une agence de marketing de contenu, vous pouvez \u00eatre s\u00fbr que votre strat\u00e9gie est bien ex\u00e9cut\u00e9e pendant que vous g\u00e9rez la partie la plus importante de votre entreprise : servir vos clients.<\/p>\n\n\n\n<h3 class=\"wp-block-heading\">\u00c9conomies de co\u00fbts<\/h3>\n\n\n\n<p>Cela peut sembler difficile \u00e0 croire au premier abord, mais c\u2019est la v\u00e9rit\u00e9&nbsp;: l\u2019embauche d\u2019une agence de marketing de contenu peut vous faire \u00e9conomiser de l\u2019argent, surtout si vous choisissez entre une agence et l\u2019embauche d\u2019une nouvelle \u00e9quipe interne pour g\u00e9rer le contenu.<\/p>\n\n\n\n<p>L\u2019embauche \u00e0 l\u2019interne n\u00e9cessite le paiement de salaires et d\u2019avantages sociaux, la mise \u00e0 disposition de locaux et d\u2019\u00e9quipements de bureau et la gestion d\u2019une \u00e9quipe.&nbsp;Une fois que vous avez embauch\u00e9 votre \u00e9quipe, il est difficile de la d\u00e9velopper ou de la r\u00e9duire rapidement.&nbsp;D\u2019un autre c\u00f4t\u00e9, vous payez \u00e0 une agence de marketing de contenu des frais fixes pour tout g\u00e9rer pour vous.<\/p>\n\n\n\n<p>Vous pouvez facilement augmenter ou r\u00e9duire vos efforts en fonction de votre budget ou des exigences de votre entreprise, de sorte que vous n\u2019aurez jamais \u00e0 d\u00e9penser plus que ce dont vous avez besoin pour ex\u00e9cuter votre strat\u00e9gie.<\/p>\n\n\n\n<h3 class=\"wp-block-heading\">Publiez du contenu fr\u00e9quent et coh\u00e9rent<\/h3>\n\n\n\n<p>La fr\u00e9quence et la&nbsp;coh\u00e9rence de la publication&nbsp;sont deux des facteurs les plus importants pour d\u00e9terminer le trafic que votre contenu g\u00e9n\u00e9rera sur votre site.&nbsp;Mais saviez-vous que pour obtenir les meilleurs r\u00e9sultats SEO possibles, il faut publier 11 \u00e0 16 fois par mois ?&nbsp;HubSpot a constat\u00e9 que les entreprises publiant \u00e0 cette fr\u00e9quence g\u00e9n\u00e9raient 3,5 fois plus de trafic que celles publiant moins souvent (source :&nbsp;<a href=\"https:\/\/www.redacteur-web-freelance.com\/\">https:\/\/www.redacteur-web-freelance.com<\/a>).<\/p>\n\n\n\n<p>Si vous consid\u00e9rez qu\u2019il faut environ 3 \u00e0 4 heures pour \u00e9crire un article de blog moyen, vous parlez plus de 60 heures chaque mois rien que pour l\u2019\u00e9criture.&nbsp;Lorsque vous g\u00e9rez le marketing de contenu en plus d\u2019autres responsabilit\u00e9s commerciales, il est facile de ne pas respecter le calendrier.<\/p>\n\n\n\n<p>Lorsque vous embauchez une agence de marketing de contenu, vous ne rencontrerez jamais de d\u00e9calage ou d\u2019\u00e9cart dans votre plan de publication de contenu.<\/p>\n\n\n\n<h3 class=\"wp-block-heading\">Ajoutez une expertise SEO \u00e0 votre contenu<\/h3>\n\n\n\n<p>L\u2019optimisation des moteurs de recherche est plus que de simples mots-cl\u00e9s en 2022. Les algorithmes de Google sont plus intelligents que jamais, et ils recherchent un contenu qui coche les bonnes cases SEO, mais qui offre \u00e9galement une r\u00e9elle valeur humaine.&nbsp;Une agence de marketing de contenu poss\u00e8de l\u2019expertise et l\u2019exp\u00e9rience n\u00e9cessaires pour vous aider \u00e0 trouver le bon \u00e9quilibre.<\/p>\n\n\n\n<p>Gardez \u00e9galement \u00e0 l\u2019esprit que&nbsp;les facteurs de classement de Google&nbsp;\u00e9voluent constamment (Google met \u00e0 jour l\u2019algorithme des milliers de fois chaque ann\u00e9e) et que vous devez le suivre pour que votre r\u00e9f\u00e9rencement fonctionne.&nbsp;Embaucher une agence signifie avoir la certitude que votre contenu est conforme aux derni\u00e8res normes de r\u00e9f\u00e9rencement.<\/p>\n\n\n\n<p>Par ailleurs, l\u2019agence poss\u00e8de toutes les comp\u00e9tences pour rendre vos contenus les plus exploitables possible par les moteurs mais aussi les internautes. Les fautes sont pass\u00e9es au crible,\u00a0les lettres majuscules comme le <a href=\"https:\/\/www.redacteur-web-freelance.com\/codes-html-lettres-majuscules-accentuees\/\">\u00e0 majuscule<\/a> et le <a href=\"https:\/\/www.redacteur-web-freelance.com\/comment-faire-laccent-sur-e-majuscule-e-5-techniques\/\">\u00e9 majuscule<\/a> sont accentu\u00e9es\u00a0et la s\u00e9mantique est largement enrichie.<\/p>\n\n\n\n<h3 class=\"wp-block-heading\">Acc\u00e8s aux bons outils et ressources<\/h3>\n\n\n\n<p>Les agences utilisent un certain nombre d\u2019outils technologiques pour alimenter votre marketing de contenu \u2013 SEMRush, Ahrefs, Google Analytics et bien d\u2019autres sont tous utilis\u00e9s pour des choses comme la recherche de mots cl\u00e9s et l\u2019analyse des performances.&nbsp;De plus, les agences disposent d\u2019\u00e9quipes compl\u00e8tes de r\u00e9dacteurs et d\u2019experts SEO qui contribuent \u00e0 votre strat\u00e9gie et \u00e0 votre cr\u00e9ation de contenu.<\/p>\n\n\n\n<p>Lorsque vous embauchez une agence de marketing de contenu, vous investissez dans plus que du contenu.&nbsp;Vous avez \u00e9galement acc\u00e8s \u00e0 une gamme de ressources qui vous aident \u00e0 informer et \u00e0 faire \u00e9voluer votre strat\u00e9gie et \u00e0 am\u00e9liorer vos r\u00e9sultats.<\/p>\n\n\n\n<h3 class=\"wp-block-heading\">Nouvelles perspectives et id\u00e9es<\/h3>\n\n\n\n<p>Faire appel \u00e0 une nouvelle \u00e9quipe de marketing de contenu donne \u00e0 votre marque une nouvelle perspective sur les tactiques et les approches qui sont probablement devenues une seconde nature pour vous.&nbsp;Les agences sont \u00e0 la fois objectives (elles utilisent des recherches et des rapports bas\u00e9s sur des donn\u00e9es pour \u00e9laborer une strat\u00e9gie et mesurer les r\u00e9sultats) et cr\u00e9atives (elles proposent de nouvelles id\u00e9es de sujets de blog et d\u2019autres \u00e9l\u00e9ments de contenu).&nbsp;Ils peuvent vous donner des commentaires honn\u00eates et s\u2019associer \u00e0 vous pour trouver de nouvelles fa\u00e7ons passionnantes d\u2019obtenir des r\u00e9sultats.<\/p>\n\n\n\n<h3 class=\"wp-block-heading\">Rapports de performances d\u00e9taill\u00e9s<\/h3>\n\n\n\n<p>Les rapports de performance sont le principal moyen par lequel les agences de marketing de contenu d\u00e9montrent leur valeur et leur efficacit\u00e9.&nbsp;Cela \u00e9tant, vous pouvez vous attendre \u00e0 des rapports fr\u00e9quents et d\u00e9taill\u00e9s qui vous montrent vos performances de marketing de contenu par rapport aux&nbsp;KPI&nbsp;et votre retour sur investissement global de la part de l\u2019agence.<\/p>\n\n\n\n<p>On ne saurait trop insister sur l\u2019importance d\u2019obtenir r\u00e9guli\u00e8rement des informations bas\u00e9es sur les donn\u00e9es.&nbsp;Il vous aide \u00e0 capitaliser sur ce qui fonctionne, \u00e0 faire pivoter votre strat\u00e9gie en cas de besoin et \u00e0 prouver la valeur de votre investissement aux dirigeants de l\u2019entreprise.<\/p>\n\n\n\n<h2 class=\"wp-block-heading\">Vous songez \u00e0 externaliser la cr\u00e9ation de contenu&nbsp;?<\/h2>\n\n\n\n<p>Si vous \u00eates propri\u00e9taire ou dirigeant d\u2019entreprise, vous n\u2019avez probablement pas le temps de passer des heures chaque semaine \u00e0 \u00e9crire du contenu.&nbsp;C\u2019est pourquoi plus de 70% des entreprises externalisent aujourd\u2019hui la cr\u00e9ation de leur contenu.&nbsp;Notre \u00e9quipe de r\u00e9dacteurs et d\u2019experts SEO peut vous livrer du contenu optimis\u00e9 et pr\u00eat \u00e0 publier chaque semaine pendant un an (ou plus !).<\/p>\n\n\n\n<p>Consultez notre&nbsp;service de r\u00e9daction de blog SEO&nbsp;ou planifiez une&nbsp;consultation rapide&nbsp;pour en savoir plus !<\/p>\n","protected":false},"excerpt":{"rendered":"<p>Concentrez-vous sur votre c\u0153ur de m\u00e9tier La gestion d\u2019une entreprise est un travail \u00e0 temps plein, tout comme la cr\u00e9ation&nbsp;de contenu \u00e0 volume \u00e9lev\u00e9 et de haute qualit\u00e9&nbsp;sur une base coh\u00e9rente.&nbsp;Lorsque vous essayez de faire les deux, malheureusement, les deux souffrent souvent. Aucune quantit\u00e9 de marketing de contenu dans le monde ne peut assurer le [&hellip;]<\/p>\n","protected":false},"author":1,"featured_media":12,"parent":0,"menu_order":0,"comment_status":"closed","ping_status":"open","template":"","meta":{"footnotes":""},"class_list":["post-2","page","type-page","status-publish","has-post-thumbnail","hentry"],"yoast_head":"<!-- This site is optimized with the Yoast SEO plugin v27.5 - https:\/\/yoast.com\/product\/yoast-seo-wordpress\/ -->\n<title>Pourquoi devriez-vous faire appel \u00e0 notre agence de Content Marketing ? - WAGONER<\/title>\n<meta name=\"robots\" content=\"index, follow, max-snippet:-1, max-image-preview:large, max-video-preview:-1\" \/>\n<link rel=\"canonical\" href=\"https:\/\/www.wagonermusic.com\/\" \/>\n<meta property=\"og:locale\" content=\"fr_FR\" \/>\n<meta property=\"og:type\" content=\"article\" \/>\n<meta property=\"og:title\" content=\"Pourquoi devriez-vous faire appel \u00e0 notre agence de Content Marketing ? - WAGONER\" \/>\n<meta property=\"og:description\" content=\"Concentrez-vous sur votre c\u0153ur de m\u00e9tier La gestion d\u2019une entreprise est un travail \u00e0 temps plein, tout comme la cr\u00e9ation&nbsp;de contenu \u00e0 volume \u00e9lev\u00e9 et de haute qualit\u00e9&nbsp;sur une base coh\u00e9rente.&nbsp;Lorsque vous essayez de faire les deux, malheureusement, les deux souffrent souvent. Aucune quantit\u00e9 de marketing de contenu dans le monde ne peut assurer le [&hellip;]\" \/>\n<meta property=\"og:url\" content=\"https:\/\/www.wagonermusic.com\/\" \/>\n<meta property=\"og:site_name\" content=\"WAGONER\" \/>\n<meta property=\"article:modified_time\" content=\"2024-11-09T13:26:27+00:00\" \/>\n<meta property=\"og:image\" content=\"https:\/\/www.wagonermusic.com\/wp-content\/uploads\/2024\/03\/cropped-guide-redacteur-web-principales-composantes-seo-1536x960-2.jpg\" \/>\n\t<meta property=\"og:image:width\" content=\"1536\" \/>\n\t<meta property=\"og:image:height\" content=\"960\" \/>\n\t<meta property=\"og:image:type\" content=\"image\/jpeg\" \/>\n<meta name=\"twitter:card\" content=\"summary_large_image\" \/>\n<meta name=\"twitter:label1\" content=\"Dur\u00e9e de lecture estim\u00e9e\" \/>\n\t<meta name=\"twitter:data1\" content=\"6 minutes\" \/>\n<script type=\"application\/ld+json\" class=\"yoast-schema-graph\">{\"@context\":\"https:\\\/\\\/schema.org\",\"@graph\":[{\"@type\":\"WebPage\",\"@id\":\"https:\\\/\\\/www.wagonermusic.com\\\/\",\"url\":\"https:\\\/\\\/www.wagonermusic.com\\\/\",\"name\":\"Pourquoi devriez-vous faire appel \u00e0 notre agence de Content Marketing ? - WAGONER\",\"isPartOf\":{\"@id\":\"https:\\\/\\\/www.wagonermusic.com\\\/#website\"},\"primaryImageOfPage\":{\"@id\":\"https:\\\/\\\/www.wagonermusic.com\\\/#primaryimage\"},\"image\":{\"@id\":\"https:\\\/\\\/www.wagonermusic.com\\\/#primaryimage\"},\"thumbnailUrl\":\"https:\\\/\\\/www.wagonermusic.com\\\/wp-content\\\/uploads\\\/2024\\\/03\\\/cropped-guide-redacteur-web-principales-composantes-seo-1536x960-2.jpg\",\"datePublished\":\"2024-03-09T09:40:58+00:00\",\"dateModified\":\"2024-11-09T13:26:27+00:00\",\"breadcrumb\":{\"@id\":\"https:\\\/\\\/www.wagonermusic.com\\\/#breadcrumb\"},\"inLanguage\":\"fr-FR\",\"potentialAction\":[{\"@type\":\"ReadAction\",\"target\":[\"https:\\\/\\\/www.wagonermusic.com\\\/\"]}]},{\"@type\":\"ImageObject\",\"inLanguage\":\"fr-FR\",\"@id\":\"https:\\\/\\\/www.wagonermusic.com\\\/#primaryimage\",\"url\":\"https:\\\/\\\/www.wagonermusic.com\\\/wp-content\\\/uploads\\\/2024\\\/03\\\/cropped-guide-redacteur-web-principales-composantes-seo-1536x960-2.jpg\",\"contentUrl\":\"https:\\\/\\\/www.wagonermusic.com\\\/wp-content\\\/uploads\\\/2024\\\/03\\\/cropped-guide-redacteur-web-principales-composantes-seo-1536x960-2.jpg\",\"width\":1536,\"height\":960},{\"@type\":\"BreadcrumbList\",\"@id\":\"https:\\\/\\\/www.wagonermusic.com\\\/#breadcrumb\",\"itemListElement\":[{\"@type\":\"ListItem\",\"position\":1,\"name\":\"Accueil\",\"item\":\"https:\\\/\\\/www.wagonermusic.com\\\/\"},{\"@type\":\"ListItem\",\"position\":2,\"name\":\"Pourquoi devriez-vous faire appel \u00e0 notre agence de Content Marketing ?\"}]},{\"@type\":\"WebSite\",\"@id\":\"https:\\\/\\\/www.wagonermusic.com\\\/#website\",\"url\":\"https:\\\/\\\/www.wagonermusic.com\\\/\",\"name\":\"WAGONER\",\"description\":\"Content Marketing et SEO\",\"potentialAction\":[{\"@type\":\"SearchAction\",\"target\":{\"@type\":\"EntryPoint\",\"urlTemplate\":\"https:\\\/\\\/www.wagonermusic.com\\\/?s={search_term_string}\"},\"query-input\":{\"@type\":\"PropertyValueSpecification\",\"valueRequired\":true,\"valueName\":\"search_term_string\"}}],\"inLanguage\":\"fr-FR\"}]}<\/script>\n<!-- \/ Yoast SEO plugin. -->","yoast_head_json":{"title":"Pourquoi devriez-vous faire appel \u00e0 notre agence de Content Marketing ? - WAGONER","robots":{"index":"index","follow":"follow","max-snippet":"max-snippet:-1","max-image-preview":"max-image-preview:large","max-video-preview":"max-video-preview:-1"},"canonical":"https:\/\/www.wagonermusic.com\/","og_locale":"fr_FR","og_type":"article","og_title":"Pourquoi devriez-vous faire appel \u00e0 notre agence de Content Marketing ? - WAGONER","og_description":"Concentrez-vous sur votre c\u0153ur de m\u00e9tier La gestion d\u2019une entreprise est un travail \u00e0 temps plein, tout comme la cr\u00e9ation&nbsp;de contenu \u00e0 volume \u00e9lev\u00e9 et de haute qualit\u00e9&nbsp;sur une base coh\u00e9rente.&nbsp;Lorsque vous essayez de faire les deux, malheureusement, les deux souffrent souvent. Aucune quantit\u00e9 de marketing de contenu dans le monde ne peut assurer le [&hellip;]","og_url":"https:\/\/www.wagonermusic.com\/","og_site_name":"WAGONER","article_modified_time":"2024-11-09T13:26:27+00:00","og_image":[{"width":1536,"height":960,"url":"https:\/\/www.wagonermusic.com\/wp-content\/uploads\/2024\/03\/cropped-guide-redacteur-web-principales-composantes-seo-1536x960-2.jpg","type":"image\/jpeg"}],"twitter_card":"summary_large_image","twitter_misc":{"Dur\u00e9e de lecture estim\u00e9e":"6 minutes"},"schema":{"@context":"https:\/\/schema.org","@graph":[{"@type":"WebPage","@id":"https:\/\/www.wagonermusic.com\/","url":"https:\/\/www.wagonermusic.com\/","name":"Pourquoi devriez-vous faire appel \u00e0 notre agence de Content Marketing ? - WAGONER","isPartOf":{"@id":"https:\/\/www.wagonermusic.com\/#website"},"primaryImageOfPage":{"@id":"https:\/\/www.wagonermusic.com\/#primaryimage"},"image":{"@id":"https:\/\/www.wagonermusic.com\/#primaryimage"},"thumbnailUrl":"https:\/\/www.wagonermusic.com\/wp-content\/uploads\/2024\/03\/cropped-guide-redacteur-web-principales-composantes-seo-1536x960-2.jpg","datePublished":"2024-03-09T09:40:58+00:00","dateModified":"2024-11-09T13:26:27+00:00","breadcrumb":{"@id":"https:\/\/www.wagonermusic.com\/#breadcrumb"},"inLanguage":"fr-FR","potentialAction":[{"@type":"ReadAction","target":["https:\/\/www.wagonermusic.com\/"]}]},{"@type":"ImageObject","inLanguage":"fr-FR","@id":"https:\/\/www.wagonermusic.com\/#primaryimage","url":"https:\/\/www.wagonermusic.com\/wp-content\/uploads\/2024\/03\/cropped-guide-redacteur-web-principales-composantes-seo-1536x960-2.jpg","contentUrl":"https:\/\/www.wagonermusic.com\/wp-content\/uploads\/2024\/03\/cropped-guide-redacteur-web-principales-composantes-seo-1536x960-2.jpg","width":1536,"height":960},{"@type":"BreadcrumbList","@id":"https:\/\/www.wagonermusic.com\/#breadcrumb","itemListElement":[{"@type":"ListItem","position":1,"name":"Accueil","item":"https:\/\/www.wagonermusic.com\/"},{"@type":"ListItem","position":2,"name":"Pourquoi devriez-vous faire appel \u00e0 notre agence de Content Marketing ?"}]},{"@type":"WebSite","@id":"https:\/\/www.wagonermusic.com\/#website","url":"https:\/\/www.wagonermusic.com\/","name":"WAGONER","description":"Content Marketing et SEO","potentialAction":[{"@type":"SearchAction","target":{"@type":"EntryPoint","urlTemplate":"https:\/\/www.wagonermusic.com\/?s={search_term_string}"},"query-input":{"@type":"PropertyValueSpecification","valueRequired":true,"valueName":"search_term_string"}}],"inLanguage":"fr-FR"}]}},"_links":{"self":[{"href":"https:\/\/www.wagonermusic.com\/index.php?rest_route=\/wp\/v2\/pages\/2","targetHints":{"allow":["GET"]}}],"collection":[{"href":"https:\/\/www.wagonermusic.com\/index.php?rest_route=\/wp\/v2\/pages"}],"about":[{"href":"https:\/\/www.wagonermusic.com\/index.php?rest_route=\/wp\/v2\/types\/page"}],"author":[{"embeddable":true,"href":"https:\/\/www.wagonermusic.com\/index.php?rest_route=\/wp\/v2\/users\/1"}],"replies":[{"embeddable":true,"href":"https:\/\/www.wagonermusic.com\/index.php?rest_route=%2Fwp%2Fv2%2Fcomments&post=2"}],"version-history":[{"count":2,"href":"https:\/\/www.wagonermusic.com\/index.php?rest_route=\/wp\/v2\/pages\/2\/revisions"}],"predecessor-version":[{"id":20,"href":"https:\/\/www.wagonermusic.com\/index.php?rest_route=\/wp\/v2\/pages\/2\/revisions\/20"}],"wp:featuredmedia":[{"embeddable":true,"href":"https:\/\/www.wagonermusic.com\/index.php?rest_route=\/wp\/v2\/media\/12"}],"wp:attachment":[{"href":"https:\/\/www.wagonermusic.com\/index.php?rest_route=%2Fwp%2Fv2%2Fmedia&parent=2"}],"curies":[{"name":"wp","href":"https:\/\/api.w.org\/{rel}","templated":true}]}}